{"id":27031,"date":"2022-02-28T10:13:48","date_gmt":"2022-02-28T10:13:48","guid":{"rendered":"https:\/\/www.ellerybeachhouse.com\/lost-and-found\/"},"modified":"2025-11-28T13:49:23","modified_gmt":"2025-11-28T13:49:23","slug":"lost-and-found","status":"publish","type":"page","link":"https:\/\/www.ellerybeachhouse.com\/en\/lost-and-found\/","title":{"rendered":"Lost and found"},"content":{"rendered":"<p><div id=\"custom-z-index-under\" class=\"fusion-container-anchor\"><div class=\"fusion-fullwidth fullwidth-box fusion-builder-row-1 fusion-flex-container fusion-parallax-none nonhundred-percent-fullwidth non-hundred-percent-height-scrolling fusion-custom-z-index\" style=\"--awb-border-radius-top-left:0px;--awb-border-radius-top-right:0px;--awb-border-radius-bottom-right:0px;--awb-border-radius-bottom-left:0px;--awb-z-index:1;--awb-padding-top:60px;--awb-padding-bottom:60px;--awb-margin-bottom:0px;--awb-min-height:78vh;--awb-background-color:#f3eae5;--awb-background-image:linear-gradient(180deg, rgba(0,0,0,0.23) 0%,rgba(255,255,255,0) 100%),url(https:\/\/www.ellerybeachhouse.com\/wp-content\/uploads\/2022\/02\/Ellery-bedroom-1.jpg);;--awb-background-size:cover;--awb-flex-wrap:wrap;\" ><div class=\"fusion-builder-row fusion-row fusion-flex-align-items-flex-start fusion-flex-content-wrap\" style=\"max-width:89.44%;margin-left: calc(-4% \/ 2 );margin-right: calc(-4% \/ 2 );\"><div class=\"fusion-layout-column fusion_builder_column fusion-builder-column-0 fusion_builder_column_1_1 1_1 fusion-flex-column fusion-flex-align-self-stretch\" style=\"--awb-bg-blend:overlay;--awb-bg-size:cover;--awb-width-large:100%;--awb-margin-top-large:0px;--awb-spacing-right-large:1.92%;--awb-margin-bottom-large:20px;--awb-spacing-left-large:1.92%;--awb-width-medium:100%;--awb-spacing-right-medium:1.92%;--awb-spacing-left-medium:1.92%;--awb-width-small:100%;--awb-spacing-right-small:1.92%;--awb-spacing-left-small:1.92%;\"><div class=\"fusion-column-wrapper fusion-flex-justify-content-center fusion-content-layout-column\"><div class=\"fusion-text fusion-text-1 fusion-text-no-margin\" style=\"--awb-content-alignment:center;--awb-font-size:12px;--awb-letter-spacing:7px;--awb-text-transform:uppercase;--awb-text-color:#ffffff;--awb-margin-bottom:10px;\"><p>Ellery Beach House<\/p>\n<\/div><div class=\"fusion-title title fusion-title-1 fusion-sep-none fusion-title-center fusion-title-text fusion-title-size-one\" style=\"--awb-text-color:#ffffff;--awb-margin-top:0px;--awb-margin-top-small:0px;--awb-margin-right-small:0px;--awb-margin-bottom-small:16px;--awb-margin-left-small:0px;\"><h1 class=\"fusion-title-heading title-heading-center fusion-responsive-typography-calculated\" style=\"margin:0;--fontSize:33.6;line-height:1.18;\">Lost &amp; Found<\/h1><\/div><\/div><\/div><\/div><\/div><\/div><div class=\"fusion-fullwidth fullwidth-box fusion-builder-row-2 fusion-flex-container nonhundred-percent-fullwidth non-hundred-percent-height-scrolling\" style=\"--awb-border-radius-top-left:0px;--awb-border-radius-top-right:0px;--awb-border-radius-bottom-right:0px;--awb-border-radius-bottom-left:0px;--awb-padding-top:30px;--awb-padding-bottom:50px;--awb-padding-right-small:0px;--awb-padding-left-small:0px;--awb-margin-bottom:0px;--awb-background-color:var(--awb-color1);--awb-flex-wrap:wrap;\" ><div class=\"fusion-builder-row fusion-row fusion-flex-align-items-flex-start fusion-flex-justify-content-center fusion-flex-content-wrap\" style=\"max-width:89.44%;margin-left: calc(-4% \/ 2 );margin-right: calc(-4% \/ 2 );\"><div class=\"fusion-layout-column fusion_builder_column fusion-builder-column-1 fusion_builder_column_1_1 1_1 fusion-flex-column\" style=\"--awb-padding-top:40px;--awb-padding-right:4%;--awb-padding-bottom:4%;--awb-padding-left:4%;--awb-padding-top-small:22px;--awb-padding-right-small:4%;--awb-padding-left-small:4%;--awb-bg-color:#ffffff;--awb-bg-color-hover:#ffffff;--awb-bg-size:cover;--awb-width-large:100%;--awb-margin-top-large:20px;--awb-spacing-right-large:1.92%;--awb-margin-bottom-large:0px;--awb-spacing-left-large:1.92%;--awb-width-medium:100%;--awb-order-medium:0;--awb-spacing-right-medium:1.92%;--awb-spacing-left-medium:1.92%;--awb-width-small:100%;--awb-order-small:0;--awb-spacing-right-small:0px;--awb-spacing-left-small:0px;\"><div class=\"fusion-column-wrapper fusion-column-has-shadow fusion-flex-justify-content-flex-start fusion-content-layout-column\"><div class=\"fusion-title title fusion-title-2 fusion-sep-none fusion-title-center fusion-title-text fusion-title-size-two\" style=\"--awb-margin-top-small:16px;--awb-margin-right-small:0px;--awb-margin-bottom-small:16px;--awb-margin-left-small:0px;--awb-font-size:25px;\"><h2 class=\"fusion-title-heading title-heading-center fusion-responsive-typography-calculated\" style=\"margin:0;font-size:1em;--fontSize:25;line-height:1.2;\">Lost &amp; Found Inquiry Form<\/h2><\/div><div class=\"fusion-text fusion-text-2\" style=\"--awb-content-alignment:center;\"><p>Did you forget or loose anything after your stay at Ellery Beach House? We\u2019ve got you! Please fill in the form down below.<br \/>\nEnter your name, e-mail, telephone number and information about what you\u2019re missing. We will get back to you!<\/p>\n<\/div><div class=\"fusion-builder-row fusion-builder-row-inner fusion-row fusion-flex-align-items-flex-start fusion-flex-justify-content-center fusion-flex-content-wrap\" style=\"--awb-flex-grow:0;--awb-flex-grow-medium:0;--awb-flex-grow-small:0;--awb-flex-shrink:0;--awb-flex-shrink-medium:0;--awb-flex-shrink-small:0;width:104% !important;max-width:104% !important;margin-left: calc(-4% \/ 2 );margin-right: calc(-4% \/ 2 );\"><div class=\"fusion-layout-column fusion_builder_column_inner fusion-builder-nested-column-0 fusion_builder_column_inner_5_6 5_6 fusion-flex-column\" style=\"--awb-bg-size:cover;--awb-width-large:83.333333333333%;--awb-margin-top-large:20px;--awb-spacing-right-large:2.304%;--awb-margin-bottom-large:20px;--awb-spacing-left-large:2.304%;--awb-width-medium:100%;--awb-order-medium:0;--awb-spacing-right-medium:1.92%;--awb-spacing-left-medium:1.92%;--awb-width-small:100%;--awb-order-small:0;--awb-spacing-right-small:1.92%;--awb-spacing-left-small:1.92%;\"><div class=\"fusion-column-wrapper fusion-column-has-shadow fusion-flex-justify-content-flex-start fusion-content-layout-column\"><iframe title=\"Lost and Found\" height=\"800\" width=\"100%\" scrolling=\"no\" style=\"overflow: hidden;\" src=\"https:\/\/lost.faundit.com\/ellery-beach-house\/embed\"><\/iframe><\/div><\/div><\/div><\/div><\/div><\/div><\/div><\/p>\n","protected":false},"excerpt":{"rendered":"","protected":false},"author":13,"featured_media":0,"parent":0,"menu_order":0,"comment_status":"closed","ping_status":"closed","template":"100-width.php","meta":{"inline_featured_image":false,"footnotes":""},"categories":[],"tags":[],"class_list":["post-27031","page","type-page","status-publish","hentry"],"yoast_head":"<!-- This site is optimized with the Yoast SEO plugin v27.4 - https:\/\/yoast.com\/product\/yoast-seo-wordpress\/ -->\n<title>Lost &amp; Found - Ellery Beach House\u00ae in Stockholm<\/title>\n<meta name=\"description\" content=\"Om du har gl\u00f6mt n\u00e5got p\u00e5 Ellery Beach House efter en vistelse hos oss - kontakta oss, vi hj\u00e4lper dig!\" \/>\n<meta name=\"robots\" content=\"index, follow, max-snippet:-1, max-image-preview:large, max-video-preview:-1\" \/>\n<link rel=\"canonical\" href=\"https:\/\/www.ellerybeachhouse.com\/en\/lost-and-found\/\" \/>\n<meta property=\"og:locale\" content=\"en_US\" \/>\n<meta property=\"og:type\" content=\"article\" \/>\n<meta property=\"og:title\" content=\"Lost &amp; Found - Ellery Beach House\u00ae in Stockholm\" \/>\n<meta property=\"og:description\" content=\"Om du har gl\u00f6mt n\u00e5got p\u00e5 Ellery Beach House efter en vistelse hos oss - kontakta oss, vi hj\u00e4lper dig!\" \/>\n<meta property=\"og:url\" content=\"https:\/\/www.ellerybeachhouse.com\/en\/lost-and-found\/\" \/>\n<meta property=\"og:site_name\" content=\"Ellery Beach House\u00ae in Stockholm\" \/>\n<meta property=\"article:publisher\" content=\"https:\/\/www.facebook.com\/Ellery-Beach-House-123927068998674\/\" \/>\n<meta property=\"article:modified_time\" content=\"2025-11-28T13:49:23+00:00\" \/>\n<meta property=\"og:image\" content=\"https:\/\/www.ellerybeachhouse.com\/wp-content\/uploads\/2020\/09\/ellery-beach-house-og-image-1.jpg\" \/>\n\t<meta property=\"og:image:width\" content=\"1250\" \/>\n\t<meta property=\"og:image:height\" content=\"630\" \/>\n\t<meta property=\"og:image:type\" content=\"image\/jpeg\" \/>\n<meta name=\"twitter:card\" content=\"summary_large_image\" \/>\n<meta name=\"twitter:label1\" content=\"Est. reading time\" \/>\n\t<meta name=\"twitter:data1\" content=\"2 minutes\" \/>\n<script type=\"application\/ld+json\" class=\"yoast-schema-graph\">{\"@context\":\"https:\\\/\\\/schema.org\",\"@graph\":[{\"@type\":\"WebPage\",\"@id\":\"https:\\\/\\\/www.ellerybeachhouse.com\\\/en\\\/lost-and-found\\\/\",\"url\":\"https:\\\/\\\/www.ellerybeachhouse.com\\\/en\\\/lost-and-found\\\/\",\"name\":\"Lost & Found - Ellery Beach House\u00ae in Stockholm\",\"isPartOf\":{\"@id\":\"https:\\\/\\\/www.ellerybeachhouse.com\\\/en\\\/#website\"},\"datePublished\":\"2022-02-28T10:13:48+00:00\",\"dateModified\":\"2025-11-28T13:49:23+00:00\",\"description\":\"Om du har gl\u00f6mt n\u00e5got p\u00e5 Ellery Beach House efter en vistelse hos oss - kontakta oss, vi hj\u00e4lper dig!\",\"breadcrumb\":{\"@id\":\"https:\\\/\\\/www.ellerybeachhouse.com\\\/en\\\/lost-and-found\\\/#breadcrumb\"},\"inLanguage\":\"en-US\",\"potentialAction\":[{\"@type\":\"ReadAction\",\"target\":[\"https:\\\/\\\/www.ellerybeachhouse.com\\\/en\\\/lost-and-found\\\/\"]}]},{\"@type\":\"BreadcrumbList\",\"@id\":\"https:\\\/\\\/www.ellerybeachhouse.com\\\/en\\\/lost-and-found\\\/#breadcrumb\",\"itemListElement\":[{\"@type\":\"ListItem\",\"position\":1,\"name\":\"Home\",\"item\":\"https:\\\/\\\/www.ellerybeachhouse.com\\\/en\\\/\"},{\"@type\":\"ListItem\",\"position\":2,\"name\":\"Lost and found\"}]},{\"@type\":\"WebSite\",\"@id\":\"https:\\\/\\\/www.ellerybeachhouse.com\\\/en\\\/#website\",\"url\":\"https:\\\/\\\/www.ellerybeachhouse.com\\\/en\\\/\",\"name\":\"Ellery Beach House\u00ae in Stockholm\",\"description\":\"Always believe that something wonderful is about to happen!\",\"publisher\":{\"@id\":\"https:\\\/\\\/www.ellerybeachhouse.com\\\/en\\\/#organization\"},\"potentialAction\":[{\"@type\":\"SearchAction\",\"target\":{\"@type\":\"EntryPoint\",\"urlTemplate\":\"https:\\\/\\\/www.ellerybeachhouse.com\\\/en\\\/?s={search_term_string}\"},\"query-input\":{\"@type\":\"PropertyValueSpecification\",\"valueRequired\":true,\"valueName\":\"search_term_string\"}}],\"inLanguage\":\"en-US\"},{\"@type\":\"Organization\",\"@id\":\"https:\\\/\\\/www.ellerybeachhouse.com\\\/en\\\/#organization\",\"name\":\"Welcome to Ellery Beach House\u00ae in Stockholm\",\"url\":\"https:\\\/\\\/www.ellerybeachhouse.com\\\/en\\\/\",\"logo\":{\"@type\":\"ImageObject\",\"inLanguage\":\"en-US\",\"@id\":\"https:\\\/\\\/www.ellerybeachhouse.com\\\/en\\\/#\\\/schema\\\/logo\\\/image\\\/\",\"url\":\"https:\\\/\\\/www.ellerybeachhouse.com\\\/wp-content\\\/uploads\\\/2019\\\/09\\\/favicon.png\",\"contentUrl\":\"https:\\\/\\\/www.ellerybeachhouse.com\\\/wp-content\\\/uploads\\\/2019\\\/09\\\/favicon.png\",\"width\":512,\"height\":512,\"caption\":\"Welcome to Ellery Beach House\u00ae in Stockholm\"},\"image\":{\"@id\":\"https:\\\/\\\/www.ellerybeachhouse.com\\\/en\\\/#\\\/schema\\\/logo\\\/image\\\/\"},\"sameAs\":[\"https:\\\/\\\/www.facebook.com\\\/Ellery-Beach-House-123927068998674\\\/\",\"https:\\\/\\\/www.instagram.com\\\/ellerybeachhouse\\\/\"]}]}<\/script>\n<!-- \/ Yoast SEO plugin. -->","yoast_head_json":{"title":"Lost & Found - Ellery Beach House\u00ae in Stockholm","description":"Om du har gl\u00f6mt n\u00e5got p\u00e5 Ellery Beach House efter en vistelse hos oss - kontakta oss, vi hj\u00e4lper dig!","robots":{"index":"index","follow":"follow","max-snippet":"max-snippet:-1","max-image-preview":"max-image-preview:large","max-video-preview":"max-video-preview:-1"},"canonical":"https:\/\/www.ellerybeachhouse.com\/en\/lost-and-found\/","og_locale":"en_US","og_type":"article","og_title":"Lost & Found - Ellery Beach House\u00ae in Stockholm","og_description":"Om du har gl\u00f6mt n\u00e5got p\u00e5 Ellery Beach House efter en vistelse hos oss - kontakta oss, vi hj\u00e4lper dig!","og_url":"https:\/\/www.ellerybeachhouse.com\/en\/lost-and-found\/","og_site_name":"Ellery Beach House\u00ae in Stockholm","article_publisher":"https:\/\/www.facebook.com\/Ellery-Beach-House-123927068998674\/","article_modified_time":"2025-11-28T13:49:23+00:00","og_image":[{"width":1250,"height":630,"url":"https:\/\/www.ellerybeachhouse.com\/wp-content\/uploads\/2020\/09\/ellery-beach-house-og-image-1.jpg","type":"image\/jpeg"}],"twitter_card":"summary_large_image","twitter_misc":{"Est. reading time":"2 minutes"},"schema":{"@context":"https:\/\/schema.org","@graph":[{"@type":"WebPage","@id":"https:\/\/www.ellerybeachhouse.com\/en\/lost-and-found\/","url":"https:\/\/www.ellerybeachhouse.com\/en\/lost-and-found\/","name":"Lost & Found - Ellery Beach House\u00ae in Stockholm","isPartOf":{"@id":"https:\/\/www.ellerybeachhouse.com\/en\/#website"},"datePublished":"2022-02-28T10:13:48+00:00","dateModified":"2025-11-28T13:49:23+00:00","description":"Om du har gl\u00f6mt n\u00e5got p\u00e5 Ellery Beach House efter en vistelse hos oss - kontakta oss, vi hj\u00e4lper dig!","breadcrumb":{"@id":"https:\/\/www.ellerybeachhouse.com\/en\/lost-and-found\/#breadcrumb"},"inLanguage":"en-US","potentialAction":[{"@type":"ReadAction","target":["https:\/\/www.ellerybeachhouse.com\/en\/lost-and-found\/"]}]},{"@type":"BreadcrumbList","@id":"https:\/\/www.ellerybeachhouse.com\/en\/lost-and-found\/#breadcrumb","itemListElement":[{"@type":"ListItem","position":1,"name":"Home","item":"https:\/\/www.ellerybeachhouse.com\/en\/"},{"@type":"ListItem","position":2,"name":"Lost and found"}]},{"@type":"WebSite","@id":"https:\/\/www.ellerybeachhouse.com\/en\/#website","url":"https:\/\/www.ellerybeachhouse.com\/en\/","name":"Ellery Beach House\u00ae in Stockholm","description":"Always believe that something wonderful is about to happen!","publisher":{"@id":"https:\/\/www.ellerybeachhouse.com\/en\/#organization"},"potentialAction":[{"@type":"SearchAction","target":{"@type":"EntryPoint","urlTemplate":"https:\/\/www.ellerybeachhouse.com\/en\/?s={search_term_string}"},"query-input":{"@type":"PropertyValueSpecification","valueRequired":true,"valueName":"search_term_string"}}],"inLanguage":"en-US"},{"@type":"Organization","@id":"https:\/\/www.ellerybeachhouse.com\/en\/#organization","name":"Welcome to Ellery Beach House\u00ae in Stockholm","url":"https:\/\/www.ellerybeachhouse.com\/en\/","logo":{"@type":"ImageObject","inLanguage":"en-US","@id":"https:\/\/www.ellerybeachhouse.com\/en\/#\/schema\/logo\/image\/","url":"https:\/\/www.ellerybeachhouse.com\/wp-content\/uploads\/2019\/09\/favicon.png","contentUrl":"https:\/\/www.ellerybeachhouse.com\/wp-content\/uploads\/2019\/09\/favicon.png","width":512,"height":512,"caption":"Welcome to Ellery Beach House\u00ae in Stockholm"},"image":{"@id":"https:\/\/www.ellerybeachhouse.com\/en\/#\/schema\/logo\/image\/"},"sameAs":["https:\/\/www.facebook.com\/Ellery-Beach-House-123927068998674\/","https:\/\/www.instagram.com\/ellerybeachhouse\/"]}]}},"_links":{"self":[{"href":"https:\/\/www.ellerybeachhouse.com\/en\/wp-json\/wp\/v2\/pages\/27031","targetHints":{"allow":["GET"]}}],"collection":[{"href":"https:\/\/www.ellerybeachhouse.com\/en\/wp-json\/wp\/v2\/pages"}],"about":[{"href":"https:\/\/www.ellerybeachhouse.com\/en\/wp-json\/wp\/v2\/types\/page"}],"author":[{"embeddable":true,"href":"https:\/\/www.ellerybeachhouse.com\/en\/wp-json\/wp\/v2\/users\/13"}],"replies":[{"embeddable":true,"href":"https:\/\/www.ellerybeachhouse.com\/en\/wp-json\/wp\/v2\/comments?post=27031"}],"version-history":[{"count":2,"href":"https:\/\/www.ellerybeachhouse.com\/en\/wp-json\/wp\/v2\/pages\/27031\/revisions"}],"predecessor-version":[{"id":27033,"href":"https:\/\/www.ellerybeachhouse.com\/en\/wp-json\/wp\/v2\/pages\/27031\/revisions\/27033"}],"wp:attachment":[{"href":"https:\/\/www.ellerybeachhouse.com\/en\/wp-json\/wp\/v2\/media?parent=27031"}],"wp:term":[{"taxonomy":"category","embeddable":true,"href":"https:\/\/www.ellerybeachhouse.com\/en\/wp-json\/wp\/v2\/categories?post=27031"},{"taxonomy":"post_tag","embeddable":true,"href":"https:\/\/www.ellerybeachhouse.com\/en\/wp-json\/wp\/v2\/tags?post=27031"}],"curies":[{"name":"wp","href":"https:\/\/api.w.org\/{rel}","templated":true}]}}